{"id":21,"date":"2021-02-22T10:45:33","date_gmt":"2021-02-22T09:45:33","guid":{"rendered":"https:\/\/www.tcbremgartenag.ch\/freunde\/?page_id=21"},"modified":"2022-12-08T08:15:16","modified_gmt":"2022-12-08T07:15:16","slug":"impressum","status":"publish","type":"page","link":"https:\/\/www.tcbremgartenag.ch\/freunde\/impressum\/","title":{"rendered":"Impressum"},"content":{"rendered":"<p>[et_pb_section fb_built=&#8220;1&#8243; _builder_version=&#8220;4.16&#8243; _module_preset=&#8220;default&#8220; background_color=&#8220;#E6F0F0&#8243; custom_padding=&#8220;0px||0px||false|false&#8220; animation_style=&#8220;fade&#8220; saved_tabs=&#8220;all&#8220; global_colors_info=&#8220;{}&#8220;][et_pb_row _builder_version=&#8220;4.16&#8243; _module_preset=&#8220;default&#8220; background_color=&#8220;#F0B400&#8243; width=&#8220;100%&#8220; max_width=&#8220;100%&#8220; height=&#8220;15px&#8220; custom_margin=&#8220;0px||0px||false|false&#8220; custom_padding=&#8220;0px||0px||false|false&#8220; global_colors_info=&#8220;{}&#8220;][et_pb_column type=&#8220;4_4&#8243; _builder_version=&#8220;4.16&#8243; _module_preset=&#8220;default&#8220; global_colors_info=&#8220;{}&#8220;][\/et_pb_column][\/et_pb_row][et_pb_row _builder_version=&#8220;4.16&#8243; _module_preset=&#8220;default&#8220; background_enable_color=&#8220;off&#8220; global_colors_info=&#8220;{}&#8220;][et_pb_column type=&#8220;4_4&#8243; _builder_version=&#8220;4.16&#8243; _module_preset=&#8220;default&#8220; global_colors_info=&#8220;{}&#8220;][dvmd_simple_heading content_heading=&#8220;Impressum&#8220; content_subheading=&#8220;Willkommen in unserem Club&#8220; _builder_version=&#8220;4.16&#8243; _module_preset=&#8220;default&#8220; heading_fonts_level=&#8220;h1&#8243; heading_fonts_font=&#8220;|700||on|||||&#8220; heading_fonts_text_color=&#8220;#00648C&#8220; heading_fonts_font_size=&#8220;36px&#8220; custom_padding=&#8220;20px||||false|false&#8220; global_colors_info=&#8220;{}&#8220;][\/dvmd_simple_heading][\/et_pb_column][\/et_pb_row][et_pb_row _builder_version=&#8220;4.16&#8243; _module_preset=&#8220;default&#8220; background_color=&#8220;#00648C&#8220; width=&#8220;100%&#8220; max_width=&#8220;100%&#8220; height=&#8220;30px&#8220; custom_margin=&#8220;0px||0px||false|false&#8220; custom_padding=&#8220;0px||0px||false|false&#8220; global_colors_info=&#8220;{}&#8220;][et_pb_column type=&#8220;4_4&#8243; _builder_version=&#8220;4.16&#8243; _module_preset=&#8220;default&#8220; global_colors_info=&#8220;{}&#8220;][\/et_pb_column][\/et_pb_row][\/et_pb_section][et_pb_section fb_built=&#8220;1&#8243; _builder_version=&#8220;4.16&#8243; _module_preset=&#8220;default&#8220; global_colors_info=&#8220;{}&#8220;][et_pb_row _builder_version=&#8220;4.16&#8243; _module_preset=&#8220;default&#8220; global_colors_info=&#8220;{}&#8220;][et_pb_column type=&#8220;4_4&#8243; _builder_version=&#8220;4.16&#8243; _module_preset=&#8220;default&#8220; global_colors_info=&#8220;{}&#8220;][et_pb_text _builder_version=&#8220;4.16&#8243; _module_preset=&#8220;default&#8220; global_colors_info=&#8220;{}&#8220;]<\/p>\n<p><strong>Haftungsausschluss<\/strong><br \/>Der Autor \u00fcbernimmt keinerlei Gew\u00e4hr hinsichtlich der inhaltlichen Richtigkeit, Genauigkeit, Aktualit\u00e4t, Zuverl\u00e4ssigkeit und Vollst\u00e4ndigkeit der Informationen. Haftungsanspr\u00fcche gegen den Autor wegen Sch\u00e4den materieller oder immaterieller Art, welche aus dem Zugriff oder der Nutzung bzw. Nichtnutzung der ver\u00f6ffentlichten Informationen, durch Missbrauch der Verbindung oder durch technische St\u00f6rungen entstanden sind, werden ausgeschlossen. Alle Angebote sind unverbindlich. Der Autor beh\u00e4lt es sich ausdr\u00fccklich vor, Teile der Seiten oder das gesamte Angebot ohne gesonderte Ank\u00fcndigung zu ver\u00e4ndern, zu erg\u00e4nzen, zu l\u00f6schen oder die Ver\u00f6ffentlichung zeitweise oder endg\u00fcltig einzustellen.<\/p>\n<p><strong>Haftung f\u00fcr Links<\/strong><br \/>Verweise und Links auf Webseiten Dritter liegen ausserhalb unseres Verantwortungsbereichs. Es wird jegliche Verantwortung f\u00fcr solche Webseiten abgelehnt. Der Zugriff und die Nutzung solcher Webseiten erfolgen auf eigene Gefahr des Nutzers oder der Nutzerin.<\/p>\n<p><strong>Urheberrechte<\/strong><br \/>Die Urheber- und alle anderen Rechte an Inhalten, Bildern, Fotos oder anderen Dateien auf der Website geh\u00f6ren ausschliesslich dem Tennisclub Bremgarten oder den speziell genannten Rechtsinhabern. F\u00fcr die Reproduktion jeglicher Elemente ist die schriftliche Zustimmung der Urheberrechtstr\u00e4ger im Voraus einzuholen.<\/p>\n<p>[\/et_pb_text][\/et_pb_column][\/et_pb_row][et_pb_row column_structure=&#8220;1_2,1_2&#8243; _builder_version=&#8220;4.16&#8243; _module_preset=&#8220;default&#8220; global_colors_info=&#8220;{}&#8220;][et_pb_column type=&#8220;1_2&#8243; _builder_version=&#8220;4.16&#8243; _module_preset=&#8220;default&#8220; global_colors_info=&#8220;{}&#8220;][et_pb_text _builder_version=&#8220;4.16&#8243; _module_preset=&#8220;default&#8220; global_colors_info=&#8220;{}&#8220;]<\/p>\n<h3>KONTAKT<\/h3>\n<p>Freunde TCB<br \/>Tennisclub Bremgarten<br \/>Sportstrasse<br \/>5620 Bremgarten<\/p>\n<p>E-Mail: <a href=\"mailto:info@tcbremgartenag.ch\">freunde@tcbremgartenag.ch<\/a><\/p>\n<p>[\/et_pb_text][\/et_pb_column][et_pb_column type=&#8220;1_2&#8243; _builder_version=&#8220;4.16&#8243; _module_preset=&#8220;default&#8220; global_colors_info=&#8220;{}&#8220;][et_pb_text _builder_version=&#8220;4.17.4&#8243; _module_preset=&#8220;default&#8220; global_colors_info=&#8220;{}&#8220;]<\/p>\n<h3>WEB DESIGN<\/h3>\n<p>JAMOS Web Service GmbH<br \/>Hambel\u00e4cherstrasse 26<br \/>5525 Fischbach-G\u00f6slikon<\/p>\n<p>E-Mail: <a href=\"mailto:info@jamos.ch\">info@jamos.ch<\/a><br \/>Web: <a href=\"https:\/\/www.jamos.ch\" target=\"_blank\" rel=\"noopener\">www.jamos.ch<\/a><\/p>\n<p>[\/et_pb_text][\/et_pb_column][\/et_pb_row][\/et_pb_section]<\/p>\n","protected":false},"excerpt":{"rendered":"<p><div class=\"et_pb_module dvmd_simple_heading dvmd_simple_heading_0 dvmd_sh_version_3_0_1\">\n\t\t\t\t\n\t\t\t\t\n\t\t\t\t\n\t\t\t\t\n\t\t\t\t\n\t\t\t\t\n\t\t\t\t<div class=\"et_pb_module_inner\">\n\t\t\t\t\t<h1 class=\"dvmd_simple_heading_heading\">Impressum<\/h1><div class=\"dvmd_simple_heading_spacing\"><span class=\"dvmd_simple_heading_rule\"><\/span><\/div><h4 class=\"dvmd_simple_heading_subheading\">Willkommen in unserem Club<\/h4>\n\t\t\t\t<\/div>\n\t\t\t<\/div>HaftungsausschlussDer Autor \u00fcbernimmt keinerlei Gew\u00e4hr hinsichtlich der inhaltlichen Richtigkeit, Genauigkeit, Aktualit\u00e4t, Zuverl\u00e4ssigkeit und Vollst\u00e4ndigkeit der Informationen. Haftungsanspr\u00fcche gegen den Autor wegen Sch\u00e4den materieller oder immaterieller Art, welche aus dem Zugriff oder der Nutzung bzw. Nichtnutzung der ver\u00f6ffentlichten Informationen, durch Missbrauch der Verbindung [&hellip;]<\/p>\n","protected":false},"author":2,"featured_media":0,"parent":0,"menu_order":0,"comment_status":"closed","ping_status":"closed","template":"","meta":{"_et_pb_use_builder":"on","_et_pb_old_content":"","_et_gb_content_width":"","footnotes":""},"dipi_cpt_category":[],"class_list":["post-21","page","type-page","status-publish","hentry"],"yoast_head":"<!-- This site is optimized with the Yoast SEO plugin v27.3 - https:\/\/yoast.com\/product\/yoast-seo-wordpress\/ -->\n<title>Impressum - Freunde des Tennisclub Bremgarten<\/title>\n<meta name=\"robots\" content=\"index, follow, max-snippet:-1, max-image-preview:large, max-video-preview:-1\" \/>\n<link rel=\"canonical\" href=\"https:\/\/www.tcbremgartenag.ch\/freunde\/impressum\/\" \/>\n<meta property=\"og:locale\" content=\"de_DE\" \/>\n<meta property=\"og:type\" content=\"article\" \/>\n<meta property=\"og:title\" content=\"Impressum - Freunde des Tennisclub Bremgarten\" \/>\n<meta property=\"og:description\" content=\"HaftungsausschlussDer Autor \u00fcbernimmt keinerlei Gew\u00e4hr hinsichtlich der inhaltlichen Richtigkeit, Genauigkeit, Aktualit\u00e4t, Zuverl\u00e4ssigkeit und Vollst\u00e4ndigkeit der Informationen. Haftungsanspr\u00fcche gegen den Autor wegen Sch\u00e4den materieller oder immaterieller Art, welche aus dem Zugriff oder der Nutzung bzw. Nichtnutzung der ver\u00f6ffentlichten Informationen, durch Missbrauch der Verbindung [&hellip;]\" \/>\n<meta property=\"og:url\" content=\"https:\/\/www.tcbremgartenag.ch\/freunde\/impressum\/\" \/>\n<meta property=\"og:site_name\" content=\"Freunde des Tennisclub Bremgarten\" \/>\n<meta property=\"article:modified_time\" content=\"2022-12-08T07:15:16+00:00\" \/>\n<meta name=\"twitter:card\" content=\"summary_large_image\" \/>\n<meta name=\"twitter:label1\" content=\"Gesch\u00e4tzte Lesezeit\" \/>\n\t<meta name=\"twitter:data1\" content=\"2\u00a0Minuten\" \/>\n<script type=\"application\/ld+json\" class=\"yoast-schema-graph\">{\"@context\":\"https:\\\/\\\/schema.org\",\"@graph\":[{\"@type\":\"WebPage\",\"@id\":\"https:\\\/\\\/www.tcbremgartenag.ch\\\/freunde\\\/impressum\\\/\",\"url\":\"https:\\\/\\\/www.tcbremgartenag.ch\\\/freunde\\\/impressum\\\/\",\"name\":\"Impressum - Freunde des Tennisclub Bremgarten\",\"isPartOf\":{\"@id\":\"https:\\\/\\\/www.tcbremgartenag.ch\\\/freunde\\\/#website\"},\"datePublished\":\"2021-02-22T09:45:33+00:00\",\"dateModified\":\"2022-12-08T07:15:16+00:00\",\"breadcrumb\":{\"@id\":\"https:\\\/\\\/www.tcbremgartenag.ch\\\/freunde\\\/impressum\\\/#breadcrumb\"},\"inLanguage\":\"de\",\"potentialAction\":[{\"@type\":\"ReadAction\",\"target\":[\"https:\\\/\\\/www.tcbremgartenag.ch\\\/freunde\\\/impressum\\\/\"]}]},{\"@type\":\"BreadcrumbList\",\"@id\":\"https:\\\/\\\/www.tcbremgartenag.ch\\\/freunde\\\/impressum\\\/#breadcrumb\",\"itemListElement\":[{\"@type\":\"ListItem\",\"position\":1,\"name\":\"Startseite\",\"item\":\"https:\\\/\\\/www.tcbremgartenag.ch\\\/freunde\\\/\"},{\"@type\":\"ListItem\",\"position\":2,\"name\":\"Impressum\"}]},{\"@type\":\"WebSite\",\"@id\":\"https:\\\/\\\/www.tcbremgartenag.ch\\\/freunde\\\/#website\",\"url\":\"https:\\\/\\\/www.tcbremgartenag.ch\\\/freunde\\\/\",\"name\":\"Freunde des Tennisclub Bremgarten\",\"description\":\"\",\"potentialAction\":[{\"@type\":\"SearchAction\",\"target\":{\"@type\":\"EntryPoint\",\"urlTemplate\":\"https:\\\/\\\/www.tcbremgartenag.ch\\\/freunde\\\/?s={search_term_string}\"},\"query-input\":{\"@type\":\"PropertyValueSpecification\",\"valueRequired\":true,\"valueName\":\"search_term_string\"}}],\"inLanguage\":\"de\"}]}<\/script>\n<!-- \/ Yoast SEO plugin. -->","yoast_head_json":{"title":"Impressum - Freunde des Tennisclub Bremgarten","robots":{"index":"index","follow":"follow","max-snippet":"max-snippet:-1","max-image-preview":"max-image-preview:large","max-video-preview":"max-video-preview:-1"},"canonical":"https:\/\/www.tcbremgartenag.ch\/freunde\/impressum\/","og_locale":"de_DE","og_type":"article","og_title":"Impressum - Freunde des Tennisclub Bremgarten","og_description":"HaftungsausschlussDer Autor \u00fcbernimmt keinerlei Gew\u00e4hr hinsichtlich der inhaltlichen Richtigkeit, Genauigkeit, Aktualit\u00e4t, Zuverl\u00e4ssigkeit und Vollst\u00e4ndigkeit der Informationen. Haftungsanspr\u00fcche gegen den Autor wegen Sch\u00e4den materieller oder immaterieller Art, welche aus dem Zugriff oder der Nutzung bzw. Nichtnutzung der ver\u00f6ffentlichten Informationen, durch Missbrauch der Verbindung [&hellip;]","og_url":"https:\/\/www.tcbremgartenag.ch\/freunde\/impressum\/","og_site_name":"Freunde des Tennisclub Bremgarten","article_modified_time":"2022-12-08T07:15:16+00:00","twitter_card":"summary_large_image","twitter_misc":{"Gesch\u00e4tzte Lesezeit":"2\u00a0Minuten"},"schema":{"@context":"https:\/\/schema.org","@graph":[{"@type":"WebPage","@id":"https:\/\/www.tcbremgartenag.ch\/freunde\/impressum\/","url":"https:\/\/www.tcbremgartenag.ch\/freunde\/impressum\/","name":"Impressum - Freunde des Tennisclub Bremgarten","isPartOf":{"@id":"https:\/\/www.tcbremgartenag.ch\/freunde\/#website"},"datePublished":"2021-02-22T09:45:33+00:00","dateModified":"2022-12-08T07:15:16+00:00","breadcrumb":{"@id":"https:\/\/www.tcbremgartenag.ch\/freunde\/impressum\/#breadcrumb"},"inLanguage":"de","potentialAction":[{"@type":"ReadAction","target":["https:\/\/www.tcbremgartenag.ch\/freunde\/impressum\/"]}]},{"@type":"BreadcrumbList","@id":"https:\/\/www.tcbremgartenag.ch\/freunde\/impressum\/#breadcrumb","itemListElement":[{"@type":"ListItem","position":1,"name":"Startseite","item":"https:\/\/www.tcbremgartenag.ch\/freunde\/"},{"@type":"ListItem","position":2,"name":"Impressum"}]},{"@type":"WebSite","@id":"https:\/\/www.tcbremgartenag.ch\/freunde\/#website","url":"https:\/\/www.tcbremgartenag.ch\/freunde\/","name":"Freunde des Tennisclub Bremgarten","description":"","potentialAction":[{"@type":"SearchAction","target":{"@type":"EntryPoint","urlTemplate":"https:\/\/www.tcbremgartenag.ch\/freunde\/?s={search_term_string}"},"query-input":{"@type":"PropertyValueSpecification","valueRequired":true,"valueName":"search_term_string"}}],"inLanguage":"de"}]}},"_links":{"self":[{"href":"https:\/\/www.tcbremgartenag.ch\/freunde\/wp-json\/wp\/v2\/pages\/21","targetHints":{"allow":["GET"]}}],"collection":[{"href":"https:\/\/www.tcbremgartenag.ch\/freunde\/wp-json\/wp\/v2\/pages"}],"about":[{"href":"https:\/\/www.tcbremgartenag.ch\/freunde\/wp-json\/wp\/v2\/types\/page"}],"author":[{"embeddable":true,"href":"https:\/\/www.tcbremgartenag.ch\/freunde\/wp-json\/wp\/v2\/users\/2"}],"replies":[{"embeddable":true,"href":"https:\/\/www.tcbremgartenag.ch\/freunde\/wp-json\/wp\/v2\/comments?post=21"}],"version-history":[{"count":10,"href":"https:\/\/www.tcbremgartenag.ch\/freunde\/wp-json\/wp\/v2\/pages\/21\/revisions"}],"predecessor-version":[{"id":1077,"href":"https:\/\/www.tcbremgartenag.ch\/freunde\/wp-json\/wp\/v2\/pages\/21\/revisions\/1077"}],"wp:attachment":[{"href":"https:\/\/www.tcbremgartenag.ch\/freunde\/wp-json\/wp\/v2\/media?parent=21"}],"wp:term":[{"taxonomy":"dipi_cpt_category","embeddable":true,"href":"https:\/\/www.tcbremgartenag.ch\/freunde\/wp-json\/wp\/v2\/dipi_cpt_category?post=21"}],"curies":[{"name":"wp","href":"https:\/\/api.w.org\/{rel}","templated":true}]}}